{"id":318,"date":"2016-12-07T09:04:01","date_gmt":"2016-12-07T09:04:01","guid":{"rendered":"http:\/\/www.mir-tlumaczenia.pl\/?page_id=318"},"modified":"2016-12-13T12:35:58","modified_gmt":"2016-12-13T12:35:58","slug":"sitemap","status":"publish","type":"page","link":"https:\/\/www.mir-tlumaczenia.pl\/de\/sitemap\/","title":{"rendered":"Sitemap"},"content":{"rendered":"<p>[et_pb_section admin_label=&#8221;Sekcja&#8221; fullwidth=&#8221;on&#8221; specialty=&#8221;off&#8221;][et_pb_fullwidth_header admin_label=&#8221;Nag\u0142\u00f3wek pe\u0142nej szeroko\u015bci&#8221; title=&#8221;Sitemap&#8221; background_layout=&#8221;light&#8221; text_orientation=&#8221;left&#8221; header_fullscreen=&#8221;off&#8221; header_scroll_down=&#8221;off&#8221; background_color=&#8221;rgba(102,102,102,0.6)&#8221; parallax=&#8221;off&#8221; parallax_method=&#8221;off&#8221; content_orientation=&#8221;center&#8221; image_orientation=&#8221;center&#8221; custom_button_one=&#8221;off&#8221; button_one_letter_spacing=&#8221;0&#8243; button_one_use_icon=&#8221;default&#8221; button_one_icon_placement=&#8221;right&#8221; button_one_on_hover=&#8221;on&#8221; button_one_letter_spacing_hover=&#8221;0&#8243; custom_button_two=&#8221;off&#8221; button_two_letter_spacing=&#8221;0&#8243; button_two_use_icon=&#8221;default&#8221; button_two_icon_placement=&#8221;right&#8221; button_two_on_hover=&#8221;on&#8221; button_two_letter_spacing_hover=&#8221;0&#8243; background_url=&#8221;http:\/\/www.mir-tlumaczenia.pl\/wp-content\/uploads\/2016\/11\/bg_3.jpg&#8221; title_font_color=&#8221;#ffffff&#8221; title_font=&#8221;Montserrat||||&#8221;]<\/p>\n<p>[\/et_pb_fullwidth_header][\/et_pb_section][et_pb_section admin_label=&#8221;Sekcja&#8221; fullwidth=&#8221;off&#8221; specialty=&#8221;off&#8221;][et_pb_row admin_label=&#8221;Wiersz&#8221;][et_pb_column type=&#8221;4_4&#8243;][et_pb_text admin_label=&#8221;Tekst&#8221; background_layout=&#8221;light&#8221; text_orientation=&#8221;left&#8221; use_border_color=&#8221;off&#8221; border_color=&#8221;#ffffff&#8221; border_style=&#8221;solid&#8221;]<\/p>\n<ul><li><a href=\"https:\/\/www.mir-tlumaczenia.pl\/de\/angebot\/\">Angebot<\/a><\/li>\n<li><a href=\"https:\/\/www.mir-tlumaczenia.pl\/de\/\">Hauptseite<\/a><\/li>\n<li><a href=\"https:\/\/www.mir-tlumaczenia.pl\/de\/kontakt\/\">Kontakt<\/a><\/li>\n<li><a href=\"https:\/\/www.mir-tlumaczenia.pl\/de\/preisliste\/\">Preisliste<\/a><\/li>\n<li><a href=\"https:\/\/www.mir-tlumaczenia.pl\/de\/sitemap\/\">Sitemap<\/a><\/li>\n<\/ul>\n<p>[\/et_pb_text][\/et_pb_column][\/et_pb_row][\/et_pb_section]<\/p>\n","protected":false},"excerpt":{"rendered":"<ul><li><a href=\"https:\/\/www.mir-tlumaczenia.pl\/de\/angebot\/\">Angebot<\/a><\/li>\n<li><a href=\"https:\/\/www.mir-tlumaczenia.pl\/de\/\">Hauptseite<\/a><\/li>\n<li><a href=\"https:\/\/www.mir-tlumaczenia.pl\/de\/kontakt\/\">Kontakt<\/a><\/li>\n<li><a href=\"https:\/\/www.mir-tlumaczenia.pl\/de\/preisliste\/\">Preisliste<\/a><\/li>\n<li><a href=\"https:\/\/www.mir-tlumaczenia.pl\/de\/sitemap\/\">Sitemap<\/a><\/li>\n<\/ul>\n","protected":false},"author":1,"featured_media":0,"parent":0,"menu_order":0,"comment_status":"closed","ping_status":"closed","template":"","meta":{"_et_pb_use_builder":"on","_et_pb_old_content":"<p>[html_sitemap]<\/p>","_et_gb_content_width":""},"_links":{"self":[{"href":"https:\/\/www.mir-tlumaczenia.pl\/de\/wp-json\/wp\/v2\/pages\/318"}],"collection":[{"href":"https:\/\/www.mir-tlumaczenia.pl\/de\/wp-json\/wp\/v2\/pages"}],"about":[{"href":"https:\/\/www.mir-tlumaczenia.pl\/de\/wp-json\/wp\/v2\/types\/page"}],"author":[{"embeddable":true,"href":"https:\/\/www.mir-tlumaczenia.pl\/de\/wp-json\/wp\/v2\/users\/1"}],"replies":[{"embeddable":true,"href":"https:\/\/www.mir-tlumaczenia.pl\/de\/wp-json\/wp\/v2\/comments?post=318"}],"version-history":[{"count":5,"href":"https:\/\/www.mir-tlumaczenia.pl\/de\/wp-json\/wp\/v2\/pages\/318\/revisions"}],"predecessor-version":[{"id":348,"href":"https:\/\/www.mir-tlumaczenia.pl\/de\/wp-json\/wp\/v2\/pages\/318\/revisions\/348"}],"wp:attachment":[{"href":"https:\/\/www.mir-tlumaczenia.pl\/de\/wp-json\/wp\/v2\/media?parent=318"}],"curies":[{"name":"wp","href":"https:\/\/api.w.org\/{rel}","templated":true}]}}